{"id":756,"date":"2022-11-26T08:14:48","date_gmt":"2022-11-26T08:14:48","guid":{"rendered":"https:\/\/staging.addvideos.com\/?page_id=756"},"modified":"2023-01-12T02:48:02","modified_gmt":"2023-01-12T02:48:02","slug":"confirmation-de-reservation","status":"publish","type":"page","link":"https:\/\/addvideos.com\/fr\/confirmation-de-reservation\/","title":{"rendered":"Merci!"},"content":{"rendered":"<div data-elementor-type=\"wp-page\" data-elementor-id=\"756\" class=\"elementor elementor-756\" data-elementor-post-type=\"page\">\n\t\t\t\t\t\t<section class=\"elementor-section elementor-top-section elementor-element elementor-element-5d8f0f6f elementor-section-full_width elementor-section-height-default elementor-section-height-default\" data-id=\"5d8f0f6f\" data-element_type=\"section\" data-e-type=\"section\">\n\t\t\t\t\t\t<div class=\"elementor-container elementor-column-gap-default\">\n\t\t\t\t\t<div class=\"elementor-column elementor-col-100 elementor-top-column elementor-element elementor-element-318aa22\" data-id=\"318aa22\" data-element_type=\"column\" data-e-type=\"column\" data-settings=\"{&quot;background_background&quot;:&quot;classic&quot;}\">\n\t\t\t<div class=\"elementor-widget-wrap elementor-element-populated\">\n\t\t\t\t\t<div class=\"elementor-background-overlay\"><\/div>\n\t\t\t\t\t\t<div class=\"elementor-element elementor-element-2ec7c34f elementor-widget elementor-widget-heading\" data-id=\"2ec7c34f\" data-element_type=\"widget\" data-e-type=\"widget\" data-widget_type=\"heading.default\">\n\t\t\t\t<div class=\"elementor-widget-container\">\n\t\t\t\t\t<h2 class=\"elementor-heading-title elementor-size-default\">Merci!<\/h2>\t\t\t\t<\/div>\n\t\t\t\t<\/div>\n\t\t\t\t<div class=\"elementor-element elementor-element-7f6e866 elementor-widget elementor-widget-text-editor\" data-id=\"7f6e866\" data-element_type=\"widget\" data-e-type=\"widget\" data-widget_type=\"text-editor.default\">\n\t\t\t\t<div class=\"elementor-widget-container\">\n\t\t\t\t\t\t\t\t\t<p>Nous avons re\u00e7u votre demande. V\u00e9rifiez votre courrier \u00e9lectronique pour plus de d\u00e9tails.<\/p>\t\t\t\t\t\t\t\t<\/div>\n\t\t\t\t<\/div>\n\t\t\t\t\t<\/div>\n\t\t<\/div>\n\t\t\t\t\t<\/div>\n\t\t<\/section>\n\t\t\t\t<\/div>","protected":false},"excerpt":{"rendered":"<p>Nous avons re\u00e7u votre demande. V\u00e9rifiez votre courrier \u00e9lectronique pour plus de d\u00e9tails.<\/p>","protected":false},"author":2,"featured_media":0,"parent":0,"menu_order":0,"comment_status":"closed","ping_status":"closed","template":"","meta":{"_acf_changed":false,"content-type":"","footnotes":""},"class_list":["post-756","page","type-page","status-publish","hentry"],"acf":[],"yoast_head":"<!-- This site is optimized with the Yoast SEO plugin v25.7 - https:\/\/yoast.com\/wordpress\/plugins\/seo\/ -->\n<title>Thank you! - AddVideos<\/title>\n<meta name=\"robots\" content=\"index, follow, max-snippet:-1, max-image-preview:large, max-video-preview:-1\" \/>\n<link rel=\"canonical\" href=\"https:\/\/addvideos.com\/fr\/confirmation-de-reservation\/\" \/>\n<meta property=\"og:locale\" content=\"fr_FR\" \/>\n<meta property=\"og:type\" content=\"article\" \/>\n<meta property=\"og:title\" content=\"Thank you! - AddVideos\" \/>\n<meta property=\"og:description\" content=\"We&#8217;ve received your inquiry. Check your email for further details.\" \/>\n<meta property=\"og:url\" content=\"https:\/\/addvideos.com\/fr\/confirmation-de-reservation\/\" \/>\n<meta property=\"og:site_name\" content=\"AddVideos\" \/>\n<meta property=\"article:publisher\" content=\"https:\/\/www.facebook.com\/phil.addvideos\" \/>\n<meta property=\"article:modified_time\" content=\"2023-01-12T02:48:02+00:00\" \/>\n<meta property=\"og:image\" content=\"https:\/\/addvideos.com\/wp-content\/uploads\/2023\/04\/1200x675-jpg.webp\" \/>\n\t<meta property=\"og:image:width\" content=\"1200\" \/>\n\t<meta property=\"og:image:height\" content=\"675\" \/>\n\t<meta property=\"og:image:type\" content=\"image\/jpeg\" \/>\n<meta name=\"twitter:card\" content=\"summary_large_image\" \/>\n<meta name=\"twitter:site\" content=\"@AddingVideos\" \/>\n<script type=\"application\/ld+json\" class=\"yoast-schema-graph\">{\"@context\":\"https:\/\/schema.org\",\"@graph\":[{\"@type\":\"WebPage\",\"@id\":\"https:\/\/addvideos.com\/booking-confirmation\/\",\"url\":\"https:\/\/addvideos.com\/booking-confirmation\/\",\"name\":\"Thank you! - AddVideos\",\"isPartOf\":{\"@id\":\"https:\/\/addvideos.com\/#website\"},\"datePublished\":\"2022-11-26T08:14:48+00:00\",\"dateModified\":\"2023-01-12T02:48:02+00:00\",\"breadcrumb\":{\"@id\":\"https:\/\/addvideos.com\/booking-confirmation\/#breadcrumb\"},\"inLanguage\":\"fr-FR\",\"potentialAction\":[{\"@type\":\"ReadAction\",\"target\":[\"https:\/\/addvideos.com\/booking-confirmation\/\"]}]},{\"@type\":\"BreadcrumbList\",\"@id\":\"https:\/\/addvideos.com\/booking-confirmation\/#breadcrumb\",\"itemListElement\":[{\"@type\":\"ListItem\",\"position\":1,\"name\":\"Home\",\"item\":\"https:\/\/addvideos.com\/\"},{\"@type\":\"ListItem\",\"position\":2,\"name\":\"Thank you!\"}]},{\"@type\":\"WebSite\",\"@id\":\"https:\/\/addvideos.com\/#website\",\"url\":\"https:\/\/addvideos.com\/\",\"name\":\"AddVideos\",\"description\":\"Award Winning Creative Digital Agency\",\"publisher\":{\"@id\":\"https:\/\/addvideos.com\/#organization\"},\"potentialAction\":[{\"@type\":\"SearchAction\",\"target\":{\"@type\":\"EntryPoint\",\"urlTemplate\":\"https:\/\/addvideos.com\/?s={search_term_string}\"},\"query-input\":{\"@type\":\"PropertyValueSpecification\",\"valueRequired\":true,\"valueName\":\"search_term_string\"}}],\"inLanguage\":\"fr-FR\"},{\"@type\":\"Organization\",\"@id\":\"https:\/\/addvideos.com\/#organization\",\"name\":\"AddVideos\",\"url\":\"https:\/\/addvideos.com\/\",\"logo\":{\"@type\":\"ImageObject\",\"inLanguage\":\"fr-FR\",\"@id\":\"https:\/\/addvideos.com\/#\/schema\/logo\/image\/\",\"url\":\"https:\/\/addvideos.com\/wp-content\/uploads\/2023\/04\/LogoBig-jpg.webp\",\"contentUrl\":\"https:\/\/addvideos.com\/wp-content\/uploads\/2023\/04\/LogoBig-jpg.webp\",\"width\":1902,\"height\":1903,\"caption\":\"AddVideos\"},\"image\":{\"@id\":\"https:\/\/addvideos.com\/#\/schema\/logo\/image\/\"},\"sameAs\":[\"https:\/\/www.facebook.com\/phil.addvideos\",\"https:\/\/x.com\/AddingVideos\",\"https:\/\/www.linkedin.com\/company\/addvideos-com\",\"https:\/\/www.youtube.com\/channel\/UC1lScpTR3LdCfOjogiKMkRw\",\"https:\/\/www.instagram.com\/addvideos_creativeagency\/\"]}]}<\/script>\n<!-- \/ Yoast SEO plugin. -->","yoast_head_json":{"title":"Merci! - Ajouter des vid\u00e9os","robots":{"index":"index","follow":"follow","max-snippet":"max-snippet:-1","max-image-preview":"max-image-preview:large","max-video-preview":"max-video-preview:-1"},"canonical":"https:\/\/addvideos.com\/fr\/confirmation-de-reservation\/","og_locale":"fr_FR","og_type":"article","og_title":"Thank you! - AddVideos","og_description":"We&#8217;ve received your inquiry. Check your email for further details.","og_url":"https:\/\/addvideos.com\/fr\/confirmation-de-reservation\/","og_site_name":"AddVideos","article_publisher":"https:\/\/www.facebook.com\/phil.addvideos","article_modified_time":"2023-01-12T02:48:02+00:00","og_image":[{"width":1200,"height":675,"url":"https:\/\/addvideos.com\/wp-content\/uploads\/2023\/04\/1200x675-jpg.webp","type":"image\/jpeg"}],"twitter_card":"summary_large_image","twitter_site":"@AddingVideos","schema":{"@context":"https:\/\/schema.org","@graph":[{"@type":"WebPage","@id":"https:\/\/addvideos.com\/booking-confirmation\/","url":"https:\/\/addvideos.com\/booking-confirmation\/","name":"Merci! - Ajouter des vid\u00e9os","isPartOf":{"@id":"https:\/\/addvideos.com\/#website"},"datePublished":"2022-11-26T08:14:48+00:00","dateModified":"2023-01-12T02:48:02+00:00","breadcrumb":{"@id":"https:\/\/addvideos.com\/booking-confirmation\/#breadcrumb"},"inLanguage":"fr-FR","potentialAction":[{"@type":"ReadAction","target":["https:\/\/addvideos.com\/booking-confirmation\/"]}]},{"@type":"BreadcrumbList","@id":"https:\/\/addvideos.com\/booking-confirmation\/#breadcrumb","itemListElement":[{"@type":"ListItem","position":1,"name":"Home","item":"https:\/\/addvideos.com\/"},{"@type":"ListItem","position":2,"name":"Thank you!"}]},{"@type":"WebSite","@id":"https:\/\/addvideos.com\/#website","url":"https:\/\/addvideos.com\/","name":"Ajouter des vid\u00e9os","description":"Agence num\u00e9rique cr\u00e9ative prim\u00e9e","publisher":{"@id":"https:\/\/addvideos.com\/#organization"},"potentialAction":[{"@type":"SearchAction","target":{"@type":"EntryPoint","urlTemplate":"https:\/\/addvideos.com\/?s={search_term_string}"},"query-input":{"@type":"PropertyValueSpecification","valueRequired":true,"valueName":"search_term_string"}}],"inLanguage":"fr-FR"},{"@type":"Organization","@id":"https:\/\/addvideos.com\/#organization","name":"Ajouter des vid\u00e9os","url":"https:\/\/addvideos.com\/","logo":{"@type":"ImageObject","inLanguage":"fr-FR","@id":"https:\/\/addvideos.com\/#\/schema\/logo\/image\/","url":"https:\/\/addvideos.com\/wp-content\/uploads\/2023\/04\/LogoBig-jpg.webp","contentUrl":"https:\/\/addvideos.com\/wp-content\/uploads\/2023\/04\/LogoBig-jpg.webp","width":1902,"height":1903,"caption":"AddVideos"},"image":{"@id":"https:\/\/addvideos.com\/#\/schema\/logo\/image\/"},"sameAs":["https:\/\/www.facebook.com\/phil.addvideos","https:\/\/x.com\/AddingVideos","https:\/\/www.linkedin.com\/company\/addvideos-com","https:\/\/www.youtube.com\/channel\/UC1lScpTR3LdCfOjogiKMkRw","https:\/\/www.instagram.com\/addvideos_creativeagency\/"]}]}},"_links":{"self":[{"href":"https:\/\/addvideos.com\/fr\/wp-json\/wp\/v2\/pages\/756","targetHints":{"allow":["GET"]}}],"collection":[{"href":"https:\/\/addvideos.com\/fr\/wp-json\/wp\/v2\/pages"}],"about":[{"href":"https:\/\/addvideos.com\/fr\/wp-json\/wp\/v2\/types\/page"}],"author":[{"embeddable":true,"href":"https:\/\/addvideos.com\/fr\/wp-json\/wp\/v2\/users\/2"}],"replies":[{"embeddable":true,"href":"https:\/\/addvideos.com\/fr\/wp-json\/wp\/v2\/comments?post=756"}],"version-history":[{"count":0,"href":"https:\/\/addvideos.com\/fr\/wp-json\/wp\/v2\/pages\/756\/revisions"}],"wp:attachment":[{"href":"https:\/\/addvideos.com\/fr\/wp-json\/wp\/v2\/media?parent=756"}],"curies":[{"name":"wp","href":"https:\/\/api.w.org\/{rel}","templated":true}]}}